{"id":86,"date":"2016-09-08T16:50:21","date_gmt":"2016-09-08T14:50:21","guid":{"rendered":"http:\/\/www.idrr.fr\/WordPress\/?page_id=86"},"modified":"2018-04-04T19:16:56","modified_gmt":"2018-04-04T17:16:56","slug":"module-plastique","status":"publish","type":"page","link":"https:\/\/www.idrr.fr\/WordPress\/module-plastique\/","title":{"rendered":"Module Plastique"},"content":{"rendered":"<p class=\"rteindent4\"><u><strong>Module p\u00e9dagogique:<\/strong><\/u> Le Plastique et le 6i\u00e8me continent<\/p>\n<p class=\"rteindent4\"><strong><u>Lieu:<\/u><\/strong> En classe dans l&rsquo;\u00e9tablissement<\/p>\n<p class=\"rteindent4\"><strong><u>Dur\u00e9e:<\/u><\/strong> 2h30<\/p>\n<p><strong><u>Tarifs<\/u><\/strong>:\u00a0<a href=\"http:\/\/www.idrr.fr\/WordPress\/espace-enseignant\">Ici<\/a><\/p>\n<p class=\"rtecenter\"><u><strong>Description:\u00a0<\/strong><\/u><\/p>\n<p class=\"rtejustify\">L\u2019atelier sera introduit par un questionnement sur ce qu\u2019est le plastique, sa pr\u00e9sence dans la classe et plus largement dans les objets que nous utilisons au quotidien. Attention certains objets ne seront pas en plastique il faudra les identifier. La d\u00e9finition de ce qu\u2019est un plastique sera appuy\u00e9e par une vid\u00e9o succincte. 30 millions de tonnes de plastique sont rejet\u00e9es dans les oc\u00e9ans chaque ann\u00e9e, qu\u2019est-ce que cela repr\u00e9sente en poids et en surface\u00a0? Comment ce plastique arrive-t-il dans les oc\u00e9ans\u00a0? Que se passe-t-il lorsque les plastiques sont dans les oc\u00e9ans (travail sur les courants et sur la dur\u00e9e de vie des d\u00e9chets)\u00a0? Quelles sont les cons\u00e9quences de la pr\u00e9sence de ces plastiques\u00a0? Et enfin quelles sont les solutions\u00a0?<img decoding=\"async\" loading=\"lazy\" class=\"wp-image-88 aligncenter\" src=\"http:\/\/www.idrr.fr\/WordPress\/wp-content\/uploads\/2016\/09\/Module-Plastique-IDRR-Tarn_02-300x162.jpg\" alt=\"module-plastique-idrr-tarn_02\" width=\"562\" height=\"303\" srcset=\"https:\/\/www.idrr.fr\/WordPress\/wp-content\/uploads\/2016\/09\/Module-Plastique-IDRR-Tarn_02-300x162.jpg 300w, https:\/\/www.idrr.fr\/WordPress\/wp-content\/uploads\/2016\/09\/Module-Plastique-IDRR-Tarn_02-768x414.jpg 768w, https:\/\/www.idrr.fr\/WordPress\/wp-content\/uploads\/2016\/09\/Module-Plastique-IDRR-Tarn_02-1024x552.jpg 1024w, https:\/\/www.idrr.fr\/WordPress\/wp-content\/uploads\/2016\/09\/Module-Plastique-IDRR-Tarn_02.jpg 1920w\" sizes=\"(max-width: 562px) 100vw, 562px\" \/><\/p>\n<p class=\"rtejustify\">Pour plus de renseignement n&rsquo;h\u00e9sitez pas \u00e0 nous contacter par t\u00e9l\u00e9phone au\u00a0<strong>05 63 59 89 22<\/strong><\/p>\n","protected":false},"excerpt":{"rendered":"<p>Module p\u00e9dagogique: Le Plastique et le 6i\u00e8me continent Lieu: En classe dans l&rsquo;\u00e9tablissement Dur\u00e9e: 2h30 Tarifs:\u00a0Ici Description:\u00a0 L\u2019atelier sera introduit par un questionnement sur ce qu\u2019est le plastique, sa pr\u00e9sence <a class=\"more-link\" href=\"https:\/\/www.idrr.fr\/WordPress\/module-plastique\/\">lire la suite \u2192<\/a><\/p>\n","protected":false},"author":1,"featured_media":88,"parent":0,"menu_order":0,"comment_status":"closed","ping_status":"closed","template":"","meta":[],"yoast_head":"<!-- This site is optimized with the Yoast SEO plugin v20.0 - https:\/\/yoast.com\/wordpress\/plugins\/seo\/ -->\n<title>Module Plastique - IDRR<\/title>\n<meta name=\"robots\" content=\"index, follow, max-snippet:-1, max-image-preview:large, max-video-preview:-1\" \/>\n<link rel=\"canonical\" href=\"https:\/\/www.idrr.fr\/WordPress\/module-plastique\/\" \/>\n<meta property=\"og:locale\" content=\"fr_FR\" \/>\n<meta property=\"og:type\" content=\"article\" \/>\n<meta property=\"og:title\" content=\"Module Plastique - IDRR\" \/>\n<meta property=\"og:description\" content=\"Module p\u00e9dagogique: Le Plastique et le 6i\u00e8me continent Lieu: En classe dans l&rsquo;\u00e9tablissement Dur\u00e9e: 2h30 Tarifs:\u00a0Ici Description:\u00a0 L\u2019atelier sera introduit par un questionnement sur ce qu\u2019est le plastique, sa pr\u00e9sence lire la suite \u2192\" \/>\n<meta property=\"og:url\" content=\"https:\/\/www.idrr.fr\/WordPress\/module-plastique\/\" \/>\n<meta property=\"og:site_name\" content=\"IDRR\" \/>\n<meta property=\"article:modified_time\" content=\"2018-04-04T17:16:56+00:00\" \/>\n<meta property=\"og:image\" content=\"https:\/\/www.idrr.fr\/WordPress\/wp-content\/uploads\/2016\/09\/Module-Plastique-IDRR-Tarn_02.jpg\" \/>\n\t<meta property=\"og:image:width\" content=\"1920\" \/>\n\t<meta property=\"og:image:height\" content=\"1035\" \/>\n\t<meta property=\"og:image:type\" content=\"image\/jpeg\" \/>\n<meta name=\"twitter:card\" content=\"summary_large_image\" \/>\n<meta name=\"twitter:label1\" content=\"Dur\u00e9e de lecture estim\u00e9e\" \/>\n\t<meta name=\"twitter:data1\" content=\"1 minute\" \/>\n<script type=\"application\/ld+json\" class=\"yoast-schema-graph\">{\"@context\":\"https:\/\/schema.org\",\"@graph\":[{\"@type\":\"WebPage\",\"@id\":\"https:\/\/www.idrr.fr\/WordPress\/module-plastique\/\",\"url\":\"https:\/\/www.idrr.fr\/WordPress\/module-plastique\/\",\"name\":\"Module Plastique - IDRR\",\"isPartOf\":{\"@id\":\"https:\/\/www.idrr.fr\/WordPress\/#website\"},\"datePublished\":\"2016-09-08T14:50:21+00:00\",\"dateModified\":\"2018-04-04T17:16:56+00:00\",\"breadcrumb\":{\"@id\":\"https:\/\/www.idrr.fr\/WordPress\/module-plastique\/#breadcrumb\"},\"inLanguage\":\"fr-FR\",\"potentialAction\":[{\"@type\":\"ReadAction\",\"target\":[\"https:\/\/www.idrr.fr\/WordPress\/module-plastique\/\"]}]},{\"@type\":\"BreadcrumbList\",\"@id\":\"https:\/\/www.idrr.fr\/WordPress\/module-plastique\/#breadcrumb\",\"itemListElement\":[{\"@type\":\"ListItem\",\"position\":1,\"name\":\"Accueil\",\"item\":\"https:\/\/www.idrr.fr\/WordPress\/\"},{\"@type\":\"ListItem\",\"position\":2,\"name\":\"Module Plastique\"}]},{\"@type\":\"WebSite\",\"@id\":\"https:\/\/www.idrr.fr\/WordPress\/#website\",\"url\":\"https:\/\/www.idrr.fr\/WordPress\/\",\"name\":\"IDRR\",\"description\":\"Institut de D\u00e9veloppement des Ressources Renouvelables\",\"publisher\":{\"@id\":\"https:\/\/www.idrr.fr\/WordPress\/#organization\"},\"potentialAction\":[{\"@type\":\"SearchAction\",\"target\":{\"@type\":\"EntryPoint\",\"urlTemplate\":\"https:\/\/www.idrr.fr\/WordPress\/?s={search_term_string}\"},\"query-input\":\"required name=search_term_string\"}],\"inLanguage\":\"fr-FR\"},{\"@type\":\"Organization\",\"@id\":\"https:\/\/www.idrr.fr\/WordPress\/#organization\",\"name\":\"IDRR\",\"url\":\"https:\/\/www.idrr.fr\/WordPress\/\",\"logo\":{\"@type\":\"ImageObject\",\"inLanguage\":\"fr-FR\",\"@id\":\"https:\/\/www.idrr.fr\/WordPress\/#\/schema\/logo\/image\/\",\"url\":\"https:\/\/www.idrr.fr\/WordPress\/wp-content\/uploads\/2016\/09\/Iconne-logo_02.png\",\"contentUrl\":\"https:\/\/www.idrr.fr\/WordPress\/wp-content\/uploads\/2016\/09\/Iconne-logo_02.png\",\"width\":89,\"height\":88,\"caption\":\"IDRR\"},\"image\":{\"@id\":\"https:\/\/www.idrr.fr\/WordPress\/#\/schema\/logo\/image\/\"}}]}<\/script>\n<!-- \/ Yoast SEO plugin. -->","yoast_head_json":{"title":"Module Plastique - IDRR","robots":{"index":"index","follow":"follow","max-snippet":"max-snippet:-1","max-image-preview":"max-image-preview:large","max-video-preview":"max-video-preview:-1"},"canonical":"https:\/\/www.idrr.fr\/WordPress\/module-plastique\/","og_locale":"fr_FR","og_type":"article","og_title":"Module Plastique - IDRR","og_description":"Module p\u00e9dagogique: Le Plastique et le 6i\u00e8me continent Lieu: En classe dans l&rsquo;\u00e9tablissement Dur\u00e9e: 2h30 Tarifs:\u00a0Ici Description:\u00a0 L\u2019atelier sera introduit par un questionnement sur ce qu\u2019est le plastique, sa pr\u00e9sence lire la suite \u2192","og_url":"https:\/\/www.idrr.fr\/WordPress\/module-plastique\/","og_site_name":"IDRR","article_modified_time":"2018-04-04T17:16:56+00:00","og_image":[{"width":1920,"height":1035,"url":"https:\/\/www.idrr.fr\/WordPress\/wp-content\/uploads\/2016\/09\/Module-Plastique-IDRR-Tarn_02.jpg","type":"image\/jpeg"}],"twitter_card":"summary_large_image","twitter_misc":{"Dur\u00e9e de lecture estim\u00e9e":"1 minute"},"schema":{"@context":"https:\/\/schema.org","@graph":[{"@type":"WebPage","@id":"https:\/\/www.idrr.fr\/WordPress\/module-plastique\/","url":"https:\/\/www.idrr.fr\/WordPress\/module-plastique\/","name":"Module Plastique - IDRR","isPartOf":{"@id":"https:\/\/www.idrr.fr\/WordPress\/#website"},"datePublished":"2016-09-08T14:50:21+00:00","dateModified":"2018-04-04T17:16:56+00:00","breadcrumb":{"@id":"https:\/\/www.idrr.fr\/WordPress\/module-plastique\/#breadcrumb"},"inLanguage":"fr-FR","potentialAction":[{"@type":"ReadAction","target":["https:\/\/www.idrr.fr\/WordPress\/module-plastique\/"]}]},{"@type":"BreadcrumbList","@id":"https:\/\/www.idrr.fr\/WordPress\/module-plastique\/#breadcrumb","itemListElement":[{"@type":"ListItem","position":1,"name":"Accueil","item":"https:\/\/www.idrr.fr\/WordPress\/"},{"@type":"ListItem","position":2,"name":"Module Plastique"}]},{"@type":"WebSite","@id":"https:\/\/www.idrr.fr\/WordPress\/#website","url":"https:\/\/www.idrr.fr\/WordPress\/","name":"IDRR","description":"Institut de D\u00e9veloppement des Ressources Renouvelables","publisher":{"@id":"https:\/\/www.idrr.fr\/WordPress\/#organization"},"potentialAction":[{"@type":"SearchAction","target":{"@type":"EntryPoint","urlTemplate":"https:\/\/www.idrr.fr\/WordPress\/?s={search_term_string}"},"query-input":"required name=search_term_string"}],"inLanguage":"fr-FR"},{"@type":"Organization","@id":"https:\/\/www.idrr.fr\/WordPress\/#organization","name":"IDRR","url":"https:\/\/www.idrr.fr\/WordPress\/","logo":{"@type":"ImageObject","inLanguage":"fr-FR","@id":"https:\/\/www.idrr.fr\/WordPress\/#\/schema\/logo\/image\/","url":"https:\/\/www.idrr.fr\/WordPress\/wp-content\/uploads\/2016\/09\/Iconne-logo_02.png","contentUrl":"https:\/\/www.idrr.fr\/WordPress\/wp-content\/uploads\/2016\/09\/Iconne-logo_02.png","width":89,"height":88,"caption":"IDRR"},"image":{"@id":"https:\/\/www.idrr.fr\/WordPress\/#\/schema\/logo\/image\/"}}]}},"_links":{"self":[{"href":"https:\/\/www.idrr.fr\/WordPress\/wp-json\/wp\/v2\/pages\/86"}],"collection":[{"href":"https:\/\/www.idrr.fr\/WordPress\/wp-json\/wp\/v2\/pages"}],"about":[{"href":"https:\/\/www.idrr.fr\/WordPress\/wp-json\/wp\/v2\/types\/page"}],"author":[{"embeddable":true,"href":"https:\/\/www.idrr.fr\/WordPress\/wp-json\/wp\/v2\/users\/1"}],"replies":[{"embeddable":true,"href":"https:\/\/www.idrr.fr\/WordPress\/wp-json\/wp\/v2\/comments?post=86"}],"version-history":[{"count":4,"href":"https:\/\/www.idrr.fr\/WordPress\/wp-json\/wp\/v2\/pages\/86\/revisions"}],"predecessor-version":[{"id":513,"href":"https:\/\/www.idrr.fr\/WordPress\/wp-json\/wp\/v2\/pages\/86\/revisions\/513"}],"wp:featuredmedia":[{"embeddable":true,"href":"https:\/\/www.idrr.fr\/WordPress\/wp-json\/wp\/v2\/media\/88"}],"wp:attachment":[{"href":"https:\/\/www.idrr.fr\/WordPress\/wp-json\/wp\/v2\/media?parent=86"}],"curies":[{"name":"wp","href":"https:\/\/api.w.org\/{rel}","templated":true}]}}