{"id":127,"date":"2016-09-09T14:11:01","date_gmt":"2016-09-09T12:11:01","guid":{"rendered":"http:\/\/www.idrr.fr\/WordPress\/?page_id=127"},"modified":"2016-09-09T14:39:24","modified_gmt":"2016-09-09T12:39:24","slug":"pouvoir-calorifique-bois","status":"publish","type":"page","link":"https:\/\/www.idrr.fr\/WordPress\/pouvoir-calorifique-bois\/","title":{"rendered":"Le pouvoir calorifique du bois"},"content":{"rendered":"<div class=\"node-content\">\n<div class=\"field field-name-body field-type-text-with-summary field-label-hidden view-mode-full\">\n<div class=\"field-items\">\n<div class=\"field-item even\">\n<h3>Contrairement aux id\u00e9es re\u00e7ues, le pouvoir calorifique par kilogramme du bois sec est tr\u00e8s proche entre toutes les essences (feuillus ou r\u00e9sineux).<\/h3>\n<p>Par contre la qualit\u00e9 et la vitesse de combustion sont tr\u00e8s diff\u00e9rentes.<\/p>\n<p><img decoding=\"async\" src=\"http:\/\/www.idrr.fr\/site\/sites\/default\/files\/bois-pci-essence.jpg\" alt=\"\" \/><\/p>\n<p>&nbsp;<\/p>\n<h3>Le taux d&rsquo;humidit\u00e9, lui a une influence beaucoup plus importante.<\/h3>\n<p><img decoding=\"async\" src=\"http:\/\/www.idrr.fr\/site\/sites\/default\/files\/PCI-humidit%C3%A9-BOIS.jpg\" alt=\"\" \/><\/p>\n<p>Source Qualit&rsquo;EnR<\/p>\n<h3>La dur\u00e9e et les conditions de stockage agissent sur le taux d&rsquo;humidit\u00e9<\/h3>\n<p>D\u00e9croissance du taux d&rsquo;humidit\u00e9 du bois selon les conditions de stockage<\/p>\n<p><img decoding=\"async\" src=\"http:\/\/www.idrr.fr\/site\/sites\/default\/files\/humidite-stockage-bois.jpg\" alt=\"\" \/><\/p>\n<p>Source Qualit&rsquo;EnR<\/p>\n<\/div>\n<\/div>\n<\/div>\n<\/div>\n","protected":false},"excerpt":{"rendered":"<p>Contrairement aux id\u00e9es re\u00e7ues, le pouvoir calorifique par kilogramme du bois sec est tr\u00e8s proche entre toutes les essences (feuillus ou r\u00e9sineux). Par contre la qualit\u00e9 et la vitesse de <a class=\"more-link\" href=\"https:\/\/www.idrr.fr\/WordPress\/pouvoir-calorifique-bois\/\">lire la suite \u2192<\/a><\/p>\n","protected":false},"author":1,"featured_media":0,"parent":0,"menu_order":0,"comment_status":"closed","ping_status":"closed","template":"","meta":[],"yoast_head":"<!-- This site is optimized with the Yoast SEO plugin v20.0 - https:\/\/yoast.com\/wordpress\/plugins\/seo\/ -->\n<title>Le pouvoir calorifique du bois - IDRR<\/title>\n<meta name=\"robots\" content=\"index, follow, max-snippet:-1, max-image-preview:large, max-video-preview:-1\" \/>\n<link rel=\"canonical\" href=\"https:\/\/www.idrr.fr\/WordPress\/pouvoir-calorifique-bois\/\" \/>\n<meta property=\"og:locale\" content=\"fr_FR\" \/>\n<meta property=\"og:type\" content=\"article\" \/>\n<meta property=\"og:title\" content=\"Le pouvoir calorifique du bois - IDRR\" \/>\n<meta property=\"og:description\" content=\"Contrairement aux id\u00e9es re\u00e7ues, le pouvoir calorifique par kilogramme du bois sec est tr\u00e8s proche entre toutes les essences (feuillus ou r\u00e9sineux). Par contre la qualit\u00e9 et la vitesse de lire la suite \u2192\" \/>\n<meta property=\"og:url\" content=\"https:\/\/www.idrr.fr\/WordPress\/pouvoir-calorifique-bois\/\" \/>\n<meta property=\"og:site_name\" content=\"IDRR\" \/>\n<meta property=\"article:modified_time\" content=\"2016-09-09T12:39:24+00:00\" \/>\n<meta property=\"og:image\" content=\"http:\/\/www.idrr.fr\/site\/sites\/default\/files\/bois-pci-essence.jpg\" \/>\n<meta name=\"twitter:card\" content=\"summary_large_image\" \/>\n<script type=\"application\/ld+json\" class=\"yoast-schema-graph\">{\"@context\":\"https:\/\/schema.org\",\"@graph\":[{\"@type\":\"WebPage\",\"@id\":\"https:\/\/www.idrr.fr\/WordPress\/pouvoir-calorifique-bois\/\",\"url\":\"https:\/\/www.idrr.fr\/WordPress\/pouvoir-calorifique-bois\/\",\"name\":\"Le pouvoir calorifique du bois - IDRR\",\"isPartOf\":{\"@id\":\"https:\/\/www.idrr.fr\/WordPress\/#website\"},\"datePublished\":\"2016-09-09T12:11:01+00:00\",\"dateModified\":\"2016-09-09T12:39:24+00:00\",\"breadcrumb\":{\"@id\":\"https:\/\/www.idrr.fr\/WordPress\/pouvoir-calorifique-bois\/#breadcrumb\"},\"inLanguage\":\"fr-FR\",\"potentialAction\":[{\"@type\":\"ReadAction\",\"target\":[\"https:\/\/www.idrr.fr\/WordPress\/pouvoir-calorifique-bois\/\"]}]},{\"@type\":\"BreadcrumbList\",\"@id\":\"https:\/\/www.idrr.fr\/WordPress\/pouvoir-calorifique-bois\/#breadcrumb\",\"itemListElement\":[{\"@type\":\"ListItem\",\"position\":1,\"name\":\"Accueil\",\"item\":\"https:\/\/www.idrr.fr\/WordPress\/\"},{\"@type\":\"ListItem\",\"position\":2,\"name\":\"Le pouvoir calorifique du bois\"}]},{\"@type\":\"WebSite\",\"@id\":\"https:\/\/www.idrr.fr\/WordPress\/#website\",\"url\":\"https:\/\/www.idrr.fr\/WordPress\/\",\"name\":\"IDRR\",\"description\":\"Institut de D\u00e9veloppement des Ressources Renouvelables\",\"publisher\":{\"@id\":\"https:\/\/www.idrr.fr\/WordPress\/#organization\"},\"potentialAction\":[{\"@type\":\"SearchAction\",\"target\":{\"@type\":\"EntryPoint\",\"urlTemplate\":\"https:\/\/www.idrr.fr\/WordPress\/?s={search_term_string}\"},\"query-input\":\"required name=search_term_string\"}],\"inLanguage\":\"fr-FR\"},{\"@type\":\"Organization\",\"@id\":\"https:\/\/www.idrr.fr\/WordPress\/#organization\",\"name\":\"IDRR\",\"url\":\"https:\/\/www.idrr.fr\/WordPress\/\",\"logo\":{\"@type\":\"ImageObject\",\"inLanguage\":\"fr-FR\",\"@id\":\"https:\/\/www.idrr.fr\/WordPress\/#\/schema\/logo\/image\/\",\"url\":\"https:\/\/www.idrr.fr\/WordPress\/wp-content\/uploads\/2016\/09\/Iconne-logo_02.png\",\"contentUrl\":\"https:\/\/www.idrr.fr\/WordPress\/wp-content\/uploads\/2016\/09\/Iconne-logo_02.png\",\"width\":89,\"height\":88,\"caption\":\"IDRR\"},\"image\":{\"@id\":\"https:\/\/www.idrr.fr\/WordPress\/#\/schema\/logo\/image\/\"}}]}<\/script>\n<!-- \/ Yoast SEO plugin. -->","yoast_head_json":{"title":"Le pouvoir calorifique du bois - IDRR","robots":{"index":"index","follow":"follow","max-snippet":"max-snippet:-1","max-image-preview":"max-image-preview:large","max-video-preview":"max-video-preview:-1"},"canonical":"https:\/\/www.idrr.fr\/WordPress\/pouvoir-calorifique-bois\/","og_locale":"fr_FR","og_type":"article","og_title":"Le pouvoir calorifique du bois - IDRR","og_description":"Contrairement aux id\u00e9es re\u00e7ues, le pouvoir calorifique par kilogramme du bois sec est tr\u00e8s proche entre toutes les essences (feuillus ou r\u00e9sineux). Par contre la qualit\u00e9 et la vitesse de lire la suite \u2192","og_url":"https:\/\/www.idrr.fr\/WordPress\/pouvoir-calorifique-bois\/","og_site_name":"IDRR","article_modified_time":"2016-09-09T12:39:24+00:00","og_image":[{"url":"http:\/\/www.idrr.fr\/site\/sites\/default\/files\/bois-pci-essence.jpg"}],"twitter_card":"summary_large_image","schema":{"@context":"https:\/\/schema.org","@graph":[{"@type":"WebPage","@id":"https:\/\/www.idrr.fr\/WordPress\/pouvoir-calorifique-bois\/","url":"https:\/\/www.idrr.fr\/WordPress\/pouvoir-calorifique-bois\/","name":"Le pouvoir calorifique du bois - IDRR","isPartOf":{"@id":"https:\/\/www.idrr.fr\/WordPress\/#website"},"datePublished":"2016-09-09T12:11:01+00:00","dateModified":"2016-09-09T12:39:24+00:00","breadcrumb":{"@id":"https:\/\/www.idrr.fr\/WordPress\/pouvoir-calorifique-bois\/#breadcrumb"},"inLanguage":"fr-FR","potentialAction":[{"@type":"ReadAction","target":["https:\/\/www.idrr.fr\/WordPress\/pouvoir-calorifique-bois\/"]}]},{"@type":"BreadcrumbList","@id":"https:\/\/www.idrr.fr\/WordPress\/pouvoir-calorifique-bois\/#breadcrumb","itemListElement":[{"@type":"ListItem","position":1,"name":"Accueil","item":"https:\/\/www.idrr.fr\/WordPress\/"},{"@type":"ListItem","position":2,"name":"Le pouvoir calorifique du bois"}]},{"@type":"WebSite","@id":"https:\/\/www.idrr.fr\/WordPress\/#website","url":"https:\/\/www.idrr.fr\/WordPress\/","name":"IDRR","description":"Institut de D\u00e9veloppement des Ressources Renouvelables","publisher":{"@id":"https:\/\/www.idrr.fr\/WordPress\/#organization"},"potentialAction":[{"@type":"SearchAction","target":{"@type":"EntryPoint","urlTemplate":"https:\/\/www.idrr.fr\/WordPress\/?s={search_term_string}"},"query-input":"required name=search_term_string"}],"inLanguage":"fr-FR"},{"@type":"Organization","@id":"https:\/\/www.idrr.fr\/WordPress\/#organization","name":"IDRR","url":"https:\/\/www.idrr.fr\/WordPress\/","logo":{"@type":"ImageObject","inLanguage":"fr-FR","@id":"https:\/\/www.idrr.fr\/WordPress\/#\/schema\/logo\/image\/","url":"https:\/\/www.idrr.fr\/WordPress\/wp-content\/uploads\/2016\/09\/Iconne-logo_02.png","contentUrl":"https:\/\/www.idrr.fr\/WordPress\/wp-content\/uploads\/2016\/09\/Iconne-logo_02.png","width":89,"height":88,"caption":"IDRR"},"image":{"@id":"https:\/\/www.idrr.fr\/WordPress\/#\/schema\/logo\/image\/"}}]}},"_links":{"self":[{"href":"https:\/\/www.idrr.fr\/WordPress\/wp-json\/wp\/v2\/pages\/127"}],"collection":[{"href":"https:\/\/www.idrr.fr\/WordPress\/wp-json\/wp\/v2\/pages"}],"about":[{"href":"https:\/\/www.idrr.fr\/WordPress\/wp-json\/wp\/v2\/types\/page"}],"author":[{"embeddable":true,"href":"https:\/\/www.idrr.fr\/WordPress\/wp-json\/wp\/v2\/users\/1"}],"replies":[{"embeddable":true,"href":"https:\/\/www.idrr.fr\/WordPress\/wp-json\/wp\/v2\/comments?post=127"}],"version-history":[{"count":1,"href":"https:\/\/www.idrr.fr\/WordPress\/wp-json\/wp\/v2\/pages\/127\/revisions"}],"predecessor-version":[{"id":129,"href":"https:\/\/www.idrr.fr\/WordPress\/wp-json\/wp\/v2\/pages\/127\/revisions\/129"}],"wp:attachment":[{"href":"https:\/\/www.idrr.fr\/WordPress\/wp-json\/wp\/v2\/media?parent=127"}],"curies":[{"name":"wp","href":"https:\/\/api.w.org\/{rel}","templated":true}]}}