{"id":104,"date":"2016-09-08T17:14:47","date_gmt":"2016-09-08T15:14:47","guid":{"rendered":"http:\/\/www.idrr.fr\/WordPress\/?page_id=104"},"modified":"2018-04-04T19:18:12","modified_gmt":"2018-04-04T17:18:12","slug":"module-pile","status":"publish","type":"page","link":"https:\/\/www.idrr.fr\/WordPress\/module-pile\/","title":{"rendered":"Module Pile"},"content":{"rendered":"<div class=\"field field-name-body field-type-text-with-summary field-label-hidden view-mode-full\">\n<div class=\"field-items\">\n<div class=\"field-item even\">\n<p class=\"rteindent4\"><u><strong>Module p\u00e9dagogique:<\/strong><\/u> La pile \u00e9lectrique<\/p>\n<p class=\"rteindent4\"><u><strong>Lieu:<\/strong><\/u> En classe dans l&rsquo;\u00e9tablissement<\/p>\n<p class=\"rteindent4\"><strong><u>Dur\u00e9e:<\/u><\/strong> 2h30<\/p>\n<p><strong><u>Tarifs<\/u><\/strong>:\u00a0<a href=\"http:\/\/www.idrr.fr\/WordPress\/espace-enseignant\">Ici<\/a><\/p>\n<p class=\"rtecenter\"><strong><u>Description:\u00a0<\/u><\/strong><\/p>\n<p class=\"rtejustify\">Aujourd\u2019hui, notre soci\u00e9t\u00e9 est totalement d\u00e9pendante de la technologie, hors celle-ci est \u00e9nergivore. Au quotidien nous utilisons des outils n\u00e9cessitant de l\u2019\u00e9nergie, principalement sous forme \u00e9lectrique. Cependant tous les outils que nous employons ne sont pas obligatoirement connect\u00e9s au r\u00e9seau domestique. Lampe torche, montre ou encore calculatrice n\u00e9cessitent de l\u2019\u00e9nergie \u00e9lectrique mais celle-ci n\u2019est pas fourni par le r\u00e9seau domestique. Elle est fournie par une Pile Electrique.<\/p>\n<p class=\"rtejustify\">D\u2019o\u00f9 vient l\u2019\u00e9lectricit\u00e9 que nous utilisons ? Nucl\u00e9aire, solaire, \u00e9olien, etc\u2026 sont des moyens de produire de l\u2019\u00e9lectricit\u00e9. Parmi ces sources de production se trouve la chimie. Au travers de r\u00e9actions chimiques il est possible de produire de l\u2019\u00e9nergie (\u00e9nergie chimique).<\/p>\n<p class=\"rtejustify\">Dans nos cuisines se trouvent les ingr\u00e9dients pour fabriquer de l\u2019\u00e9lectricit\u00e9. Citron, vinaigre, eau, pommes de terre, cure-dents, pailles, aluminium et d\u2019autres \u00e9l\u00e9ments encore seront employ\u00e9s pour tenter de fabriquer de l\u2019\u00e9lectricit\u00e9. Le travail en coop\u00e9ration s\u2019av\u00e8rera n\u00e9cessaire si l\u2019on veut r\u00e9ussir \u00e0 allumer une petite lampe (DEL). Au travers de l\u2019exp\u00e9rimentation active, l\u2019\u00e9lectricit\u00e9 sera red\u00e9couverte et la pile \u00e9lectrique r\u00e9invent\u00e9e.<\/p>\n<p class=\"rtejustify\">Cet atelier s\u2019inscrit dans un voyage dans le temps sur les traces des plus grandes inventions de l\u2019histoire. Ici l\u2019objectif et de red\u00e9couvrir la pile \u00e9lectrique, invent\u00e9e par Alessandro Volta (physicien italien) en 1800, qui a r\u00e9ussi \u00e0 cr\u00e9er une pile \u00e9lectrique apr\u00e8s avoir \u00ab empil\u00e9 \u00bb (d\u2019o\u00f9 le mot pile) plusieurs paires de rondelles de m\u00e9taux (zinc et argent) s\u00e9par\u00e9es par un tissu imbib\u00e9 d\u2019eau sal\u00e9e.<\/p>\n<\/div>\n<p class=\"rtejustify\">Pour plus de renseignement n\u2019h\u00e9sitez pas \u00e0 nous contacter par t\u00e9l\u00e9phone au <strong>05 63 59 89 22<\/strong><\/p>\n<\/div>\n<\/div>\n","protected":false},"excerpt":{"rendered":"<p>Module p\u00e9dagogique: La pile \u00e9lectrique Lieu: En classe dans l&rsquo;\u00e9tablissement Dur\u00e9e: 2h30 Tarifs:\u00a0Ici Description:\u00a0 Aujourd\u2019hui, notre soci\u00e9t\u00e9 est totalement d\u00e9pendante de la technologie, hors celle-ci est \u00e9nergivore. Au quotidien nous <a class=\"more-link\" href=\"https:\/\/www.idrr.fr\/WordPress\/module-pile\/\">lire la suite \u2192<\/a><\/p>\n","protected":false},"author":1,"featured_media":0,"parent":0,"menu_order":0,"comment_status":"closed","ping_status":"closed","template":"","meta":[],"yoast_head":"<!-- This site is optimized with the Yoast SEO plugin v20.0 - https:\/\/yoast.com\/wordpress\/plugins\/seo\/ -->\n<title>Module Pile - IDRR<\/title>\n<meta name=\"robots\" content=\"index, follow, max-snippet:-1, max-image-preview:large, max-video-preview:-1\" \/>\n<link rel=\"canonical\" href=\"https:\/\/www.idrr.fr\/WordPress\/module-pile\/\" \/>\n<meta property=\"og:locale\" content=\"fr_FR\" \/>\n<meta property=\"og:type\" content=\"article\" \/>\n<meta property=\"og:title\" content=\"Module Pile - IDRR\" \/>\n<meta property=\"og:description\" content=\"Module p\u00e9dagogique: La pile \u00e9lectrique Lieu: En classe dans l&rsquo;\u00e9tablissement Dur\u00e9e: 2h30 Tarifs:\u00a0Ici Description:\u00a0 Aujourd\u2019hui, notre soci\u00e9t\u00e9 est totalement d\u00e9pendante de la technologie, hors celle-ci est \u00e9nergivore. Au quotidien nous lire la suite \u2192\" \/>\n<meta property=\"og:url\" content=\"https:\/\/www.idrr.fr\/WordPress\/module-pile\/\" \/>\n<meta property=\"og:site_name\" content=\"IDRR\" \/>\n<meta property=\"article:modified_time\" content=\"2018-04-04T17:18:12+00:00\" \/>\n<meta name=\"twitter:card\" content=\"summary_large_image\" \/>\n<meta name=\"twitter:label1\" content=\"Dur\u00e9e de lecture estim\u00e9e\" \/>\n\t<meta name=\"twitter:data1\" content=\"2 minutes\" \/>\n<script type=\"application\/ld+json\" class=\"yoast-schema-graph\">{\"@context\":\"https:\/\/schema.org\",\"@graph\":[{\"@type\":\"WebPage\",\"@id\":\"https:\/\/www.idrr.fr\/WordPress\/module-pile\/\",\"url\":\"https:\/\/www.idrr.fr\/WordPress\/module-pile\/\",\"name\":\"Module Pile - IDRR\",\"isPartOf\":{\"@id\":\"https:\/\/www.idrr.fr\/WordPress\/#website\"},\"datePublished\":\"2016-09-08T15:14:47+00:00\",\"dateModified\":\"2018-04-04T17:18:12+00:00\",\"breadcrumb\":{\"@id\":\"https:\/\/www.idrr.fr\/WordPress\/module-pile\/#breadcrumb\"},\"inLanguage\":\"fr-FR\",\"potentialAction\":[{\"@type\":\"ReadAction\",\"target\":[\"https:\/\/www.idrr.fr\/WordPress\/module-pile\/\"]}]},{\"@type\":\"BreadcrumbList\",\"@id\":\"https:\/\/www.idrr.fr\/WordPress\/module-pile\/#breadcrumb\",\"itemListElement\":[{\"@type\":\"ListItem\",\"position\":1,\"name\":\"Accueil\",\"item\":\"https:\/\/www.idrr.fr\/WordPress\/\"},{\"@type\":\"ListItem\",\"position\":2,\"name\":\"Module Pile\"}]},{\"@type\":\"WebSite\",\"@id\":\"https:\/\/www.idrr.fr\/WordPress\/#website\",\"url\":\"https:\/\/www.idrr.fr\/WordPress\/\",\"name\":\"IDRR\",\"description\":\"Institut de D\u00e9veloppement des Ressources Renouvelables\",\"publisher\":{\"@id\":\"https:\/\/www.idrr.fr\/WordPress\/#organization\"},\"potentialAction\":[{\"@type\":\"SearchAction\",\"target\":{\"@type\":\"EntryPoint\",\"urlTemplate\":\"https:\/\/www.idrr.fr\/WordPress\/?s={search_term_string}\"},\"query-input\":\"required name=search_term_string\"}],\"inLanguage\":\"fr-FR\"},{\"@type\":\"Organization\",\"@id\":\"https:\/\/www.idrr.fr\/WordPress\/#organization\",\"name\":\"IDRR\",\"url\":\"https:\/\/www.idrr.fr\/WordPress\/\",\"logo\":{\"@type\":\"ImageObject\",\"inLanguage\":\"fr-FR\",\"@id\":\"https:\/\/www.idrr.fr\/WordPress\/#\/schema\/logo\/image\/\",\"url\":\"https:\/\/www.idrr.fr\/WordPress\/wp-content\/uploads\/2016\/09\/Iconne-logo_02.png\",\"contentUrl\":\"https:\/\/www.idrr.fr\/WordPress\/wp-content\/uploads\/2016\/09\/Iconne-logo_02.png\",\"width\":89,\"height\":88,\"caption\":\"IDRR\"},\"image\":{\"@id\":\"https:\/\/www.idrr.fr\/WordPress\/#\/schema\/logo\/image\/\"}}]}<\/script>\n<!-- \/ Yoast SEO plugin. -->","yoast_head_json":{"title":"Module Pile - IDRR","robots":{"index":"index","follow":"follow","max-snippet":"max-snippet:-1","max-image-preview":"max-image-preview:large","max-video-preview":"max-video-preview:-1"},"canonical":"https:\/\/www.idrr.fr\/WordPress\/module-pile\/","og_locale":"fr_FR","og_type":"article","og_title":"Module Pile - IDRR","og_description":"Module p\u00e9dagogique: La pile \u00e9lectrique Lieu: En classe dans l&rsquo;\u00e9tablissement Dur\u00e9e: 2h30 Tarifs:\u00a0Ici Description:\u00a0 Aujourd\u2019hui, notre soci\u00e9t\u00e9 est totalement d\u00e9pendante de la technologie, hors celle-ci est \u00e9nergivore. Au quotidien nous lire la suite \u2192","og_url":"https:\/\/www.idrr.fr\/WordPress\/module-pile\/","og_site_name":"IDRR","article_modified_time":"2018-04-04T17:18:12+00:00","twitter_card":"summary_large_image","twitter_misc":{"Dur\u00e9e de lecture estim\u00e9e":"2 minutes"},"schema":{"@context":"https:\/\/schema.org","@graph":[{"@type":"WebPage","@id":"https:\/\/www.idrr.fr\/WordPress\/module-pile\/","url":"https:\/\/www.idrr.fr\/WordPress\/module-pile\/","name":"Module Pile - IDRR","isPartOf":{"@id":"https:\/\/www.idrr.fr\/WordPress\/#website"},"datePublished":"2016-09-08T15:14:47+00:00","dateModified":"2018-04-04T17:18:12+00:00","breadcrumb":{"@id":"https:\/\/www.idrr.fr\/WordPress\/module-pile\/#breadcrumb"},"inLanguage":"fr-FR","potentialAction":[{"@type":"ReadAction","target":["https:\/\/www.idrr.fr\/WordPress\/module-pile\/"]}]},{"@type":"BreadcrumbList","@id":"https:\/\/www.idrr.fr\/WordPress\/module-pile\/#breadcrumb","itemListElement":[{"@type":"ListItem","position":1,"name":"Accueil","item":"https:\/\/www.idrr.fr\/WordPress\/"},{"@type":"ListItem","position":2,"name":"Module Pile"}]},{"@type":"WebSite","@id":"https:\/\/www.idrr.fr\/WordPress\/#website","url":"https:\/\/www.idrr.fr\/WordPress\/","name":"IDRR","description":"Institut de D\u00e9veloppement des Ressources Renouvelables","publisher":{"@id":"https:\/\/www.idrr.fr\/WordPress\/#organization"},"potentialAction":[{"@type":"SearchAction","target":{"@type":"EntryPoint","urlTemplate":"https:\/\/www.idrr.fr\/WordPress\/?s={search_term_string}"},"query-input":"required name=search_term_string"}],"inLanguage":"fr-FR"},{"@type":"Organization","@id":"https:\/\/www.idrr.fr\/WordPress\/#organization","name":"IDRR","url":"https:\/\/www.idrr.fr\/WordPress\/","logo":{"@type":"ImageObject","inLanguage":"fr-FR","@id":"https:\/\/www.idrr.fr\/WordPress\/#\/schema\/logo\/image\/","url":"https:\/\/www.idrr.fr\/WordPress\/wp-content\/uploads\/2016\/09\/Iconne-logo_02.png","contentUrl":"https:\/\/www.idrr.fr\/WordPress\/wp-content\/uploads\/2016\/09\/Iconne-logo_02.png","width":89,"height":88,"caption":"IDRR"},"image":{"@id":"https:\/\/www.idrr.fr\/WordPress\/#\/schema\/logo\/image\/"}}]}},"_links":{"self":[{"href":"https:\/\/www.idrr.fr\/WordPress\/wp-json\/wp\/v2\/pages\/104"}],"collection":[{"href":"https:\/\/www.idrr.fr\/WordPress\/wp-json\/wp\/v2\/pages"}],"about":[{"href":"https:\/\/www.idrr.fr\/WordPress\/wp-json\/wp\/v2\/types\/page"}],"author":[{"embeddable":true,"href":"https:\/\/www.idrr.fr\/WordPress\/wp-json\/wp\/v2\/users\/1"}],"replies":[{"embeddable":true,"href":"https:\/\/www.idrr.fr\/WordPress\/wp-json\/wp\/v2\/comments?post=104"}],"version-history":[{"count":2,"href":"https:\/\/www.idrr.fr\/WordPress\/wp-json\/wp\/v2\/pages\/104\/revisions"}],"predecessor-version":[{"id":516,"href":"https:\/\/www.idrr.fr\/WordPress\/wp-json\/wp\/v2\/pages\/104\/revisions\/516"}],"wp:attachment":[{"href":"https:\/\/www.idrr.fr\/WordPress\/wp-json\/wp\/v2\/media?parent=104"}],"curies":[{"name":"wp","href":"https:\/\/api.w.org\/{rel}","templated":true}]}}